{"id":137,"date":"2018-07-02T12:21:10","date_gmt":"2018-07-02T10:21:10","guid":{"rendered":"http:\/\/www.club-pinkygirls.de\/?page_id=137"},"modified":"2019-10-26T20:07:39","modified_gmt":"2019-10-26T18:07:39","slug":"impressum","status":"publish","type":"page","link":"http:\/\/pinky-dolls.de\/?page_id=137","title":{"rendered":"Impressum"},"content":{"rendered":"<p>Impressum<br \/>\nPinky-Dolls<br \/>\nReichshofstr. 9<br \/>\n58239 Schwerte<\/p>\n<p>Tel.: +492304 9961134<\/p>\n<p>www.pinky-dolls.de<\/p>\n<p>info@pinky-dolls.de<\/p>\n<p>Inhaltlich Verantwortlicher gem\u00e4\u00df \u00a7 10 Absatz 3 MDStV:<br \/>\nAK Hausverwaltung<br \/>\nSteuernummer: 316\/5701\/1895<\/p>\n<p>Haftungshinweis<br \/>\nAlle Inhalte auf unserer Website haben wir sorgf\u00e4ltig zusammengestellt und gepr\u00fcft. Trotz aller Sorgfalt kann eine Haftung oder Garantie f\u00fcr die Richtigkeit, Vollst\u00e4ndigkeit und Aktualit\u00e4t der Daten nicht \u00fcbernommen werden. Dies gilt auch f\u00fcr alle anderen Websites, auf die mit Hyperlinks verwiesen wird. Wir sind f\u00fcr den Inhalt der Websites, die aufgrund einer solchen Verbindung erreicht werden, nicht verantwortlich. Wir behalten uns das Recht vor, Aktualisierungen, \u00c4nderungen oder Erg\u00e4nzungen an den bereitgestellten Informationen und Daten vorzunehmen.<\/p>\n<p>Datenschutzerkl\u00e4rung<br \/>\nDatenschutzerkl\u00e4rung gem\u00e4\u00df \u00a7 13 TMG<\/p>\n<p>Der Schutz Ihrer personenbezogenen Daten bei der Nutzung, Erhebung und Verarbeitung anl\u00e4sslich Ihres Besuchs auf unserer Seite hat eine hohe Priorit\u00e4t.<\/p>\n<p>Ihre Daten werden entsprechend den gesetzlichen Vorschriften gesch\u00fctzt. Daten die Sie \u00fcber die Kontaktfelder unserer Webseite an uns leiten, dienen uns lediglich zur Kontaktaufnahme mit Ihnen.<\/p>\n<p>Datensammlung<\/p>\n<p>Jeder Webserver registriert automatisch die Zugriffe auf die auf ihm angebotenen Websites. Beim Besuch unseres Internetangebotes verzeichnet unser Webserver zur Erhaltung der Systemsicherheit vor\u00fcbergehend Ihre IP-Adresse oder Ihren Domain-Namen sowie das Datum des Zugriffs, den Namen der Datei und die URL, auf die Sie zugegriffen haben, den HTTP Antwortcode und die Internetseite, von der Sie ggf. zu uns kommen, sowie die w\u00e4hrend der Verbindung \u00fcbertragenen Informationen. Diese Informationen bleiben f\u00fcr uns anonym. Ein R\u00fcckschluss auf Ihre Person ist uns damit nicht m\u00f6glich. Weitere personenbezogene Daten werden nicht erfasst, es sei denn, diese Daten werden von Ihnen in eines unserer Kontaktformulare selbst eingetragen. Die uns \u00fcberlassenen Daten behandeln wir vertraulich und auf Grundlage der geltenden Gesetze.<\/p>\n<p>Datenverwendung<\/p>\n<p>Zu statistischen Zwecken werden von uns rechnerbezogene Daten gespeichert. Diese gespeicherten und f\u00fcr uns im Regelfall anonymen Daten k\u00f6nnen allerdings auch der Verfolgung strafrechtlich relevanter Angriffe auf unsere Webseite dienen. Es werden au\u00dfer zu diesem Zweck keine personenbezogenen Profile oder \u00c4hnliches erstellt. Wir erheben, speichern und verarbeiten die von Ihnen \u00fcbermittelten personenbezogenen Daten nur, soweit dies f\u00fcr die Abwicklung von Anfragen erforderlich ist. Wir werden Ihre personenbezogenen Daten nicht an Dritte weiterreichen; es sei denn, dass wir dazu in Folge zwingender gesetzlicher Vorschriften verpflichtet sind oder dass Sie zustimmen.<\/p>\n<p>Einwilligung<\/p>\n<p>Mit der Nutzung unserer Internetseite stimmen Sie der beschriebenen Speicherung und Verwendung Ihrer Daten zu. Diese Einwilligung kann mit Wirkung f\u00fcr die Zukunft jederzeit widerrufen werden.<\/p>\n<p>Ihre Rechte<\/p>\n<p>Ihnen steht ein Auskunftsrecht an Ihren bei uns gespeicherten personenbezogenen Daten zu. Sie haben das Recht auf Berichtigung unrichtiger Daten sowie Sperrung und L\u00f6schung. Der Nutzung personenbezogener Daten zu Werbezwecken k\u00f6nnen Sie jederzeit widersprechen. Unsere Mitarbeiter sind dem Datengeheimnis gem\u00e4\u00df Bundesdatenschutzgesetz (BDSG) verpflichtet. Zur Wahrnehmung der vorstehend beschriebenen Rechte wenden Sie sich bitte schriftlich an unser B\u00fcro.<\/p>\n<p>Copyright<br \/>\nStruktur und Inhalt der Website sind urheberrechtlich durch das Pinky-Dolls gesch\u00fctzt. Die Vervielf\u00e4ltigung von Informationen oder Daten, insbesondere die Verwendung von Texten, Textteilen oder Bildmaterial sowie die Verwendung von Codezeilen der Website bedarf der vorherigen Zustimmung.<\/p>\n<p>Datenschutzerkl\u00e4rung Google Analytics<br \/>\nDiese Website benutzt Google Analytics, einen Webanalysedienst der Googe Inc. (\u201cGoogle\u201d) Google Analytics verwendet sog. \u201cCookies\u201d, Textdateien, die auf Ihrem Computer gespeichert werden und die eine Analyse der Benutzung der Website durch Sie erm\u00f6glicht. Die durch den Cookie erzeugten Informationen \u00fcber Ihre Benutzung diese Website (einschlie\u00dflich Ihrer IP-Adresse) wird an einen Server der Google in den USA \u00fcbertragen und dort gespeichert. Google wird diese Informationen benutzen, um Ihre Nutzung der Website auszuwerten, um Reports \u00fcber die Websiteaktivit\u00e4ten f\u00fcr die Websitebetreiber zusammenzustellen und um weitere mit der Websitenutzung und der Internetnutzung verbundene Dienstleistungen zu erbringen. Auch wird Google diese Informationen gegebenenfalls an Dritte \u00fcbertragen, sofern dies gesetzlich vorgeschrieben oder soweit Dritte diese Daten im Auftrag von Google verarbeiten. Google wird in keinem Fall Ihre IP-Adresse mit anderen Daten der Google in Verbindung bringen. Sie k\u00f6nnen die Installation der Cookies durch eine entsprechende Einstellung Ihrer Browser Software verhindern; wir weisen Sie jedoch darauf hin, dass Sie in diesem Fall gegebenenfalls nicht s\u00e4mtliche Funktionen dieser Website voll umf\u00e4nglich nutzen k\u00f6nnen. Durch die Nutzung dieser Website erkl\u00e4ren Sie sich mit der Bearbeitung der \u00fcber Sie erhobenen Daten durch Google in der zuvor beschriebenen Art und Weise und zu dem zuvor benannten Zweck einverstanden.<\/p>\n","protected":false},"excerpt":{"rendered":"<p>Impressum Pinky-Dolls Reichshofstr. 9 58239 Schwerte Tel.: +492304 9961134 www.pinky-dolls.de info@pinky-dolls.de Inhaltlich Verantwortlicher gem\u00e4\u00df \u00a7 10 Absatz 3 MDStV: AK Hausverwaltung Steuernummer: 316\/5701\/1895 Haftungshinweis Alle Inhalte auf unserer Website haben wir sorgf\u00e4ltig zusammengestellt und gepr\u00fcft. Trotz aller Sorgfalt kann eine Haftung oder Garantie f\u00fcr die Richtigkeit, Vollst\u00e4ndigkeit und Aktualit\u00e4t der Daten nicht \u00fcbernommen werden. Dies [&hellip;]<\/p>\n","protected":false},"author":1,"featured_media":0,"parent":0,"menu_order":0,"comment_status":"closed","ping_status":"closed","template":"","meta":[],"yoast_head":"<!-- This site is optimized with the Yoast SEO plugin v15.2 - https:\/\/yoast.com\/wordpress\/plugins\/seo\/ -->\n<title>Impressum -<\/title>\n<meta name=\"robots\" content=\"index, follow, max-snippet:-1, max-image-preview:large, max-video-preview:-1\" \/>\n<link rel=\"canonical\" href=\"http:\/\/pinky-dolls.de\/?page_id=137\" \/>\n<meta property=\"og:locale\" content=\"de_DE\" \/>\n<meta property=\"og:type\" content=\"article\" \/>\n<meta property=\"og:title\" content=\"Impressum -\" \/>\n<meta property=\"og:description\" content=\"Impressum Pinky-Dolls Reichshofstr. 9 58239 Schwerte Tel.: +492304 9961134 www.pinky-dolls.de info@pinky-dolls.de Inhaltlich Verantwortlicher gem\u00e4\u00df \u00a7 10 Absatz 3 MDStV: AK Hausverwaltung Steuernummer: 316\/5701\/1895 Haftungshinweis Alle Inhalte auf unserer Website haben wir sorgf\u00e4ltig zusammengestellt und gepr\u00fcft. Trotz aller Sorgfalt kann eine Haftung oder Garantie f\u00fcr die Richtigkeit, Vollst\u00e4ndigkeit und Aktualit\u00e4t der Daten nicht \u00fcbernommen werden. Dies [&hellip;]\" \/>\n<meta property=\"og:url\" content=\"http:\/\/pinky-dolls.de\/?page_id=137\" \/>\n<meta property=\"article:modified_time\" content=\"2019-10-26T18:07:39+00:00\" \/>\n<meta name=\"twitter:card\" content=\"summary_large_image\" \/>\n<meta name=\"twitter:label1\" value=\"Written by\">\n\t<meta name=\"twitter:data1\" value=\"Ericsson\">\n\t<meta name=\"twitter:label2\" value=\"Est. reading time\">\n\t<meta name=\"twitter:data2\" value=\"3\u00a0Minuten\">\n<script type=\"application\/ld+json\" class=\"yoast-schema-graph\">{\"@context\":\"https:\/\/schema.org\",\"@graph\":[{\"@type\":\"WebSite\",\"@id\":\"http:\/\/pinky-dolls.de\/#website\",\"url\":\"http:\/\/pinky-dolls.de\/\",\"name\":\"\",\"description\":\"\",\"potentialAction\":[{\"@type\":\"SearchAction\",\"target\":\"http:\/\/pinky-dolls.de\/?s={search_term_string}\",\"query-input\":\"required name=search_term_string\"}],\"inLanguage\":\"de\"},{\"@type\":\"WebPage\",\"@id\":\"http:\/\/pinky-dolls.de\/?page_id=137#webpage\",\"url\":\"http:\/\/pinky-dolls.de\/?page_id=137\",\"name\":\"Impressum -\",\"isPartOf\":{\"@id\":\"http:\/\/pinky-dolls.de\/#website\"},\"datePublished\":\"2018-07-02T10:21:10+00:00\",\"dateModified\":\"2019-10-26T18:07:39+00:00\",\"inLanguage\":\"de\",\"potentialAction\":[{\"@type\":\"ReadAction\",\"target\":[\"http:\/\/pinky-dolls.de\/?page_id=137\"]}]}]}<\/script>\n<!-- \/ Yoast SEO plugin. -->","_links":{"self":[{"href":"http:\/\/pinky-dolls.de\/index.php?rest_route=\/wp\/v2\/pages\/137"}],"collection":[{"href":"http:\/\/pinky-dolls.de\/index.php?rest_route=\/wp\/v2\/pages"}],"about":[{"href":"http:\/\/pinky-dolls.de\/index.php?rest_route=\/wp\/v2\/types\/page"}],"author":[{"embeddable":true,"href":"http:\/\/pinky-dolls.de\/index.php?rest_route=\/wp\/v2\/users\/1"}],"replies":[{"embeddable":true,"href":"http:\/\/pinky-dolls.de\/index.php?rest_route=%2Fwp%2Fv2%2Fcomments&post=137"}],"version-history":[{"count":8,"href":"http:\/\/pinky-dolls.de\/index.php?rest_route=\/wp\/v2\/pages\/137\/revisions"}],"predecessor-version":[{"id":2464,"href":"http:\/\/pinky-dolls.de\/index.php?rest_route=\/wp\/v2\/pages\/137\/revisions\/2464"}],"wp:attachment":[{"href":"http:\/\/pinky-dolls.de\/index.php?rest_route=%2Fwp%2Fv2%2Fmedia&parent=137"}],"curies":[{"name":"wp","href":"https:\/\/api.w.org\/{rel}","templated":true}]}}