{"id":2308,"date":"2019-09-08T21:40:23","date_gmt":"2019-09-08T19:40:23","guid":{"rendered":"http:\/\/pinky-dolls.de\/?page_id=2308"},"modified":"2019-09-30T19:18:17","modified_gmt":"2019-09-30T17:18:17","slug":"job","status":"publish","type":"page","link":"http:\/\/pinky-dolls.de\/?page_id=2308","title":{"rendered":"Job"},"content":{"rendered":"<p>Job<\/p>\n<p><img loading=\"lazy\" class=\"size-full wp-image-421 alignleft\" src=\"http:\/\/www.pinky-dolls.de\/wp-content\/uploads\/2018\/07\/e5093788ad.png\" alt=\"\" width=\"60\" height=\"36\" \/><\/p>\n<p>&nbsp;<\/p>\n<p>Zur Erweiterung unseres Teams suchen wir st\u00e4ndig niveauvolle &amp; gepflegte Damen von 18-40 Jahre mit g\u00fcltigen Arbeitspapieren.<\/p>\n<p>Wir bieten Dir ein angenehmes Arbeitsklima mit flexiblen Arbeitszeiten &amp; eine sehr gute G\u00e4stefrequenz.<\/p>\n<p>Wenn Du Interesse hast, unser Haus kennenzulernen und in unserem Team mitzuarbeiten, dann melde dich einfach unter <\/p>\n<p>oder per Mail: <span style=\"color: #808080;\"><a class=\"mail\" style=\"color: #808080;\">info@pinky-dolls.de<\/a><\/span><\/p>\n<p>Wir beantworten jede Anfrage.<\/p>\n<p>&nbsp;<\/p>\n<p><img loading=\"lazy\" class=\"size-full wp-image-420 alignleft\" src=\"http:\/\/www.pinky-dolls.de\/wp-content\/uploads\/2018\/07\/c9d1523796.png\" alt=\"\" width=\"60\" height=\"38\" \/><\/p>\n<p>Do rosciacniecia naszej paczki szukamy caly czas zadbane dziewczyny od 18 do 40 lat z waznymy papieramy do pracy!<\/p>\n<p>Proponujemy mila atmosfere i ruchome godziny pracy i duzo gosci!<\/p>\n<p>Jesli masz interez poznac nasz dom i u nas pracowac smialo napisz lub zadzwon!<br \/>\nTel.: <\/p>\n<p>Mail: <span style=\"color: #808080;\"><a class=\"mail\" style=\"color: #808080;\">info@pinky-dolls.de<\/a><\/span><\/p>\n<p>Na kazde pytanie otrzymasz odpowiec.<\/p>\n<p>&nbsp;<\/p>\n<p><img loading=\"lazy\" class=\"size-full wp-image-420 alignleft\" src=\"http:\/\/pinky-dolls.de\/wp-content\/uploads\/2019\/09\/rus_flag-300x185.jpg\" alt=\"\" width=\"60\" height=\"38\" \/><\/p>\n<p>\u0422\u044b \u0445\u043e\u0447\u0435\u0448\u044c \u0440\u0430\u0431\u043e\u0442\u0430\u0442\u044c \u0443 \u043d\u0430\u0441?<br \/>\n&nbsp;<\/p>\n<p>\u041c\u044b \u0440\u0430\u0434\u044b \u043f\u0440\u0438\u0432\u0435\u0442\u0441\u0442\u0432\u043e\u0432\u0430\u0442\u044c \u043d\u043e\u0432\u044b\u0435 \u043b\u0438\u0446\u0430 \u0432 \u043d\u0430\u0448\u0435\u0439 \u043a\u043e\u043c\u0430\u043d\u0434\u0435.<br \/>\n\u0422\u0430\u043a \u0447\u0442\u043e \u0435\u0441\u043b\u0438 \u0443 \u0442\u0435\u0431\u044f \u0435\u0441\u0442\u044c \u0436\u0435\u043b\u0430\u043d\u0438\u0435 \u0440\u0430\u0431\u043e\u0442\u0430\u0442\u044c \u0441 \u0434\u0440\u0443\u0433\u0438\u043c\u0438 \u043e\u0447\u0430\u0440\u043e\u0432\u0430\u0442\u0435\u043b\u044c\u043d\u044b\u043c\u0438 \u0434\u0430\u043c\u0430\u043c\u0438, \u0442\u043e \u043d\u0430\u043f\u0438\u0448\u0438 \u043d\u0430\u043c \u043d\u0430 \u044d\u043b\u0435\u043a\u0442\u0440\u043e\u043d\u043d\u0443\u044e \u043f\u043e\u0447\u0442\u0443 &#8230;&#8230;&#8230;&#8230;&#8230;.. \u041c\u044b \u0432\u044b\u0448\u043b\u0435\u043c \u0442\u0435\u0431\u0435 \u0432\u0441\u044e \u043d\u0435\u043e\u0431\u0445\u043e\u0434\u0438\u043c\u0443\u044e \u0438\u043d\u0444\u043e\u0440\u043c\u0430\u0446\u0438\u044e.<\/p>\n<p>\u0422\u044b \u0442\u0430\u043a \u0436\u0435 \u043c\u043e\u0436\u0435\u0448\u044c \u043f\u043e\u0437\u0432\u043e\u043d\u0438\u0442\u044c \u043d\u0430\u043c \u043f\u043e \u0442\u0435\u043b\u0435\u0444\u043e\u043d\u0443 +49 &#8230;&#8230; \u0438 \u043c\u044b \u043e\u0442\u0432\u0435\u0442\u0438\u043c \u043d\u0430 \u0432\u0441\u0435 \u0438\u043d\u0442\u0435\u0440\u0435\u0441\u0443\u044e\u0449\u0438\u0435 \u0442\u0435\u0431\u044f \u0432\u043e\u043f\u0440\u043e\u0441\u044b.<\/p>\n<p>Mail: <span style=\"color: #808080;\"><a class=\"mail\" style=\"color: #808080;\">info@pinky-dolls.de<\/a><\/span><br \/>\n&nbsp;<\/p>\n<p><img loading=\"lazy\" class=\"size-full wp-image-420 alignleft\" src=\"http:\/\/pinky-dolls.de\/wp-content\/uploads\/2019\/09\/brit_flag.png\" alt=\"\" width=\"60\" height=\"38\" \/><\/p>\n<p>To expand our team, we are constantly looking for sophisticated and well-kept ladies of 18-40 years with valid working papers.<\/p>\n<p>We offer you a pleasant working atmosphere with flexible working hours and a very good guest frequency.<\/p>\n<p>If you are interested in getting to know our house and working in our team, then please contact us on +49 &#8230;<\/p>\n<p>or by mail: <span style=\"color: #808080;\"><a class=\"mail\" style=\"color: #808080;\">info@pinky-dolls.de<\/a><\/span><\/p>\n<p>We answer every request.<\/p>\n","protected":false},"excerpt":{"rendered":"<p>Job &nbsp; Zur Erweiterung unseres Teams suchen wir st\u00e4ndig niveauvolle &amp; gepflegte Damen von 18-40 Jahre mit g\u00fcltigen Arbeitspapieren. Wir bieten Dir ein angenehmes Arbeitsklima mit flexiblen Arbeitszeiten &amp; eine sehr gute G\u00e4stefrequenz. Wenn Du Interesse hast, unser Haus kennenzulernen und in unserem Team mitzuarbeiten, dann melde dich einfach unter oder per Mail: info@pinky-dolls.de Wir [&hellip;]<\/p>\n","protected":false},"author":1,"featured_media":0,"parent":0,"menu_order":0,"comment_status":"closed","ping_status":"closed","template":"","meta":[],"yoast_head":"<!-- This site is optimized with the Yoast SEO plugin v15.2 - https:\/\/yoast.com\/wordpress\/plugins\/seo\/ -->\n<title>Job -<\/title>\n<meta name=\"robots\" content=\"index, follow, max-snippet:-1, max-image-preview:large, max-video-preview:-1\" \/>\n<link rel=\"canonical\" href=\"http:\/\/pinky-dolls.de\/?page_id=2308\" \/>\n<meta property=\"og:locale\" content=\"de_DE\" \/>\n<meta property=\"og:type\" content=\"article\" \/>\n<meta property=\"og:title\" content=\"Job -\" \/>\n<meta property=\"og:description\" content=\"Job &nbsp; Zur Erweiterung unseres Teams suchen wir st\u00e4ndig niveauvolle &amp; gepflegte Damen von 18-40 Jahre mit g\u00fcltigen Arbeitspapieren. Wir bieten Dir ein angenehmes Arbeitsklima mit flexiblen Arbeitszeiten &amp; eine sehr gute G\u00e4stefrequenz. Wenn Du Interesse hast, unser Haus kennenzulernen und in unserem Team mitzuarbeiten, dann melde dich einfach unter oder per Mail: info@pinky-dolls.de Wir [&hellip;]\" \/>\n<meta property=\"og:url\" content=\"http:\/\/pinky-dolls.de\/?page_id=2308\" \/>\n<meta property=\"article:modified_time\" content=\"2019-09-30T17:18:17+00:00\" \/>\n<meta property=\"og:image\" content=\"http:\/\/www.pinky-dolls.de\/wp-content\/uploads\/2018\/07\/e5093788ad.png\" \/>\n<meta name=\"twitter:card\" content=\"summary_large_image\" \/>\n<meta name=\"twitter:label1\" value=\"Written by\">\n\t<meta name=\"twitter:data1\" value=\"Ericsson\">\n\t<meta name=\"twitter:label2\" value=\"Est. reading time\">\n\t<meta name=\"twitter:data2\" value=\"1\u00a0Minute\">\n<script type=\"application\/ld+json\" class=\"yoast-schema-graph\">{\"@context\":\"https:\/\/schema.org\",\"@graph\":[{\"@type\":\"WebSite\",\"@id\":\"http:\/\/pinky-dolls.de\/#website\",\"url\":\"http:\/\/pinky-dolls.de\/\",\"name\":\"\",\"description\":\"\",\"potentialAction\":[{\"@type\":\"SearchAction\",\"target\":\"http:\/\/pinky-dolls.de\/?s={search_term_string}\",\"query-input\":\"required name=search_term_string\"}],\"inLanguage\":\"de\"},{\"@type\":\"ImageObject\",\"@id\":\"http:\/\/pinky-dolls.de\/?page_id=2308#primaryimage\",\"inLanguage\":\"de\",\"url\":\"http:\/\/www.pinky-dolls.de\/wp-content\/uploads\/2018\/07\/e5093788ad.png\"},{\"@type\":\"WebPage\",\"@id\":\"http:\/\/pinky-dolls.de\/?page_id=2308#webpage\",\"url\":\"http:\/\/pinky-dolls.de\/?page_id=2308\",\"name\":\"Job -\",\"isPartOf\":{\"@id\":\"http:\/\/pinky-dolls.de\/#website\"},\"primaryImageOfPage\":{\"@id\":\"http:\/\/pinky-dolls.de\/?page_id=2308#primaryimage\"},\"datePublished\":\"2019-09-08T19:40:23+00:00\",\"dateModified\":\"2019-09-30T17:18:17+00:00\",\"inLanguage\":\"de\",\"potentialAction\":[{\"@type\":\"ReadAction\",\"target\":[\"http:\/\/pinky-dolls.de\/?page_id=2308\"]}]}]}<\/script>\n<!-- \/ Yoast SEO plugin. -->","_links":{"self":[{"href":"http:\/\/pinky-dolls.de\/index.php?rest_route=\/wp\/v2\/pages\/2308"}],"collection":[{"href":"http:\/\/pinky-dolls.de\/index.php?rest_route=\/wp\/v2\/pages"}],"about":[{"href":"http:\/\/pinky-dolls.de\/index.php?rest_route=\/wp\/v2\/types\/page"}],"author":[{"embeddable":true,"href":"http:\/\/pinky-dolls.de\/index.php?rest_route=\/wp\/v2\/users\/1"}],"replies":[{"embeddable":true,"href":"http:\/\/pinky-dolls.de\/index.php?rest_route=%2Fwp%2Fv2%2Fcomments&post=2308"}],"version-history":[{"count":6,"href":"http:\/\/pinky-dolls.de\/index.php?rest_route=\/wp\/v2\/pages\/2308\/revisions"}],"predecessor-version":[{"id":2338,"href":"http:\/\/pinky-dolls.de\/index.php?rest_route=\/wp\/v2\/pages\/2308\/revisions\/2338"}],"wp:attachment":[{"href":"http:\/\/pinky-dolls.de\/index.php?rest_route=%2Fwp%2Fv2%2Fmedia&parent=2308"}],"curies":[{"name":"wp","href":"https:\/\/api.w.org\/{rel}","templated":true}]}}